{"id":2050,"date":"2021-01-27T16:12:57","date_gmt":"2021-01-27T15:12:57","guid":{"rendered":"https:\/\/egux.gl\/?page_id=2050"},"modified":"2021-01-28T09:36:14","modified_gmt":"2021-01-28T08:36:14","slug":"qapuk","status":"publish","type":"page","link":"https:\/\/egux.gl\/gl\/qapuk\/","title":{"rendered":"Qapuk"},"content":{"rendered":"<section class=\"fw-main-row  ls section_padding_top_50 section_padding_bottom_50 columns_padding_15 special_media\">\n<div class=\"cover_image cover_left\">\n\t\t\t\t\t\t<img decoding=\"async\" src=\"\/\/egux.gl\/NEW\/wp-content\/uploads\/2021\/01\/Qapuk.jpg\" alt=\"\">\n\t\t<\/div>\n<div class=\"container\">\n<div class=\"row\">\n<div class=\"col-xs-12 col-md-6\">\n\t<\/div>\n<div class=\"col-xs-12 col-md-6\">\n<div class=\"fw-divider-space  hidden-sm hidden-xs\" style=\"margin-top: 53px\"><\/div>\n<div class=\"special_heading\">\n<h3 class=\"text-left section_header\">\n        <span class=\"bold\"><br \/>\n\t                        <span class=\"heading_subtitle\">Ny app l\u00e6rer dig dansk p\u00e5 mobilen<\/span><br \/>\n\t                    Qapuk\t                <\/span><br \/>\n        <\/h3>\n<\/p><\/div>\n<p>Projektet Qapuk er tilknyttet GUX Sisimiut og Qapuk-appen skal indg\u00e5 som et supplerende v\u00e6rkt\u00f8j der kan underst\u00f8tte elevernes danskkundskaber. M\u00e5lgruppen er prim\u00e6rt elever i 8-10 klasse, 1. GUX og kursister p\u00e5 KTI sprogskole samt eGUX. Qapuk er gratis og vil kunne downloades af alle som kunne t\u00e6nke sig at blive bedre til dansk.<br \/>Qapuk kan hj\u00e6lpe dig med hurtigt og nemt at blive bedre til dansk. Vi har sammensat en r\u00e6kke \u00f8velser omkring grammatik, udtale og sprogbrug, der er nogle af de allervigtigste, hvis du gerne vil forbedre dit dansk og p\u00e5 den m\u00e5de g\u00f8re din skolegang lettere og sjovere.<\/p>\n<p>Projekti GUX Sisimiunut aammalu Qapuk-mut attuumassuteqarpoq, ilinniartunut<br \/>sakkussatut tapertatut danskisut ilisimasanik pitsanngorsaataasinnaasoq. Pingaarnertut atuartunut 8-10 klassenut, 1. GUX-rtunut, aammalu KTI-mi oqaatsinik ilinniarfimmi pikkorissartunut saaffiginnittuulluni. Qapuk akeqanngilaq kikkunnillu tamanit qallunaatut pikkorissarusuttunit aaneqarsinnaalluni.<br \/>Qapuup ikiorsinnaavaatit sukkasuumik ajornanngitsumillu danskisut pikkorinnerulernissannut. Sungiusaatinik aaqqissuussinikuuvugut oqaasilerinermik (grammatik), oqaatsinik taaguinermik aammalu oqaatsit qanoq atornissaannik pingaarnertut imaqartunik. Danskisut piginnaasatit pitsanngorsarsinnaavatit ilinniarnerillu ajornannginnerulersillugu nuannernerulersillugulu.<\/p>\n<hr \/>\n<p><a href=\"https:\/\/apps.apple.com\/us\/app\/qapuk\/id1515003953\" target=\"_blank\" rel=\"noopener\"><img loading=\"lazy\" decoding=\"async\" class=\"alignnone size-full wp-image-2088\" src=\"https:\/\/egux.gl\/NEW\/wp-content\/uploads\/2021\/01\/app-store.png\" alt=\"\" width=\"100\" height=\"100\" \/><\/a><\/p>\n<p><a href=\"https:\/\/play.google.com\/store\/apps\/details?id=dk.perlefilm.qapuk&amp;hl=da&amp;gl=US\" target=\"_blank\" rel=\"noopener\"><img loading=\"lazy\" decoding=\"async\" class=\"alignnone size-full wp-image-2089\" src=\"https:\/\/egux.gl\/NEW\/wp-content\/uploads\/2021\/01\/google-play-badge.png\" alt=\"\" width=\"336\" height=\"100\" srcset=\"https:\/\/egux.gl\/wp-content\/uploads\/2021\/01\/google-play-badge.png 336w, https:\/\/egux.gl\/wp-content\/uploads\/2021\/01\/google-play-badge-300x89.png 300w\" sizes=\"auto, (max-width: 336px) 100vw, 336px\" \/><\/a><\/p>\n<\/div><\/div><\/div>\n<\/section>\n<p><!-- 6f6a46d19e1a60ae135f4c36f76d52ab --><\/p>","protected":false},"excerpt":{"rendered":"<p>Ny app l\u00e6rer dig dansk<\/p>","protected":false},"author":1,"featured_media":0,"parent":0,"menu_order":0,"comment_status":"closed","ping_status":"closed","template":"page-templates\/full-width.php","meta":{"_acf_changed":false,"inline_featured_image":false,"_monsterinsights_skip_tracking":false,"_monsterinsights_sitenote_active":false,"_monsterinsights_sitenote_note":"","_monsterinsights_sitenote_category":0,"footnotes":""},"class_list":["post-2050","page","type-page","status-publish","hentry"],"acf":[],"_links":{"self":[{"href":"https:\/\/egux.gl\/gl\/wp-json\/wp\/v2\/pages\/2050","targetHints":{"allow":["GET"]}}],"collection":[{"href":"https:\/\/egux.gl\/gl\/wp-json\/wp\/v2\/pages"}],"about":[{"href":"https:\/\/egux.gl\/gl\/wp-json\/wp\/v2\/types\/page"}],"author":[{"embeddable":true,"href":"https:\/\/egux.gl\/gl\/wp-json\/wp\/v2\/users\/1"}],"replies":[{"embeddable":true,"href":"https:\/\/egux.gl\/gl\/wp-json\/wp\/v2\/comments?post=2050"}],"version-history":[{"count":3,"href":"https:\/\/egux.gl\/gl\/wp-json\/wp\/v2\/pages\/2050\/revisions"}],"predecessor-version":[{"id":2090,"href":"https:\/\/egux.gl\/gl\/wp-json\/wp\/v2\/pages\/2050\/revisions\/2090"}],"wp:attachment":[{"href":"https:\/\/egux.gl\/gl\/wp-json\/wp\/v2\/media?parent=2050"}],"curies":[{"name":"wp","href":"https:\/\/api.w.org\/{rel}","templated":true}]}}