{"id":2251,"date":"2022-10-04T05:00:16","date_gmt":"2022-10-04T03:00:16","guid":{"rendered":"https:\/\/egux.gl\/?page_id=2251"},"modified":"2026-01-29T13:22:22","modified_gmt":"2026-01-29T12:22:22","slug":"e3-aarig-kultur","status":"publish","type":"page","link":"https:\/\/egux.gl\/gl\/egux-uddannelser\/e3-aarig-kultur\/","title":{"rendered":"Kultur e3 ukiuni pingasuni ingerlataq"},"content":{"rendered":"<div class=\"wpb-content-wrapper\"><div class=\"vc_row wpb_row vc_row-fluid\"><div class=\"wpb_column vc_column_container vc_col-sm-12\"><div class=\"vc_column-inner\"><div class=\"wpb_wrapper\">\n\t<div class=\"wpb_text_column wpb_content_element\" >\n\t\t<div class=\"wpb_wrapper\">\n\t\t\t<p>Denne tre\u00e5rige uddannelse er en studieforberedende uddannelse, med intro-dansk, engelsk og matematik det f\u00f8rste \u00e5r, for elever, der ikke er helt klar til gymnasiet endnu. Uddannelsen er p\u00e5 fuld tid og den gennemf\u00f8res via online undervisning. Hvis du \u00f8nsker at blive optaget p\u00e5 uddannelsen, skal du have adgang til internet og have din egen computer. Uddannelsen giver dig mulighed for at tage en videreg\u00e5ende uddannelse i Gr\u00f8nland, Danmark og resten af Norden. e3-\u00e5rig best\u00e5r af en r\u00e6kke obligatoriske basisfag, som er ens for begge retninger. Derudover er der studieretningsfag, der er forskellige fra Science og Kultur (se skema)<\/p>\n\n\t\t<\/div>\n\t<\/div>\n\n\t<div class=\"wpb_text_column wpb_content_element\" >\n\t\t<div class=\"wpb_wrapper\">\n\t\t\t<p>En 3-\u00e5rig gymnasie-uddannelse med studieretningen \u201dkultur\u201d, som har historie B og religion C som studieretningsfag. Denne studieretning har ekstra undervisning i dansk og matematik, for de der ikke f\u00f8ler sig helt klar til at f\u00f8lge med p\u00e5 gymnasieniveau fra starten. Der er ogs\u00e5 generelt ekstra tid i hverdagen og mere st\u00f8tte til den enkelte, end der er p\u00e5 de 2-\u00e5rige uddannelser.<\/p>\n<p>Ilinniagaq piffissamik ilivitsumik sivisussuseqarpoq internettikkullu ingerlanneqartarluni. Ilinniassagaanni internetteqartariaqarpoq nammineerlunilu computereqartariaqarluni assiliititalimmik. Ilinniagaq Kalaallit Nunaanni, Danmarkimi nunanilu avannarlerni ilinniaqqinnissamut isissutaasinnaavoq.<\/p>\n<p>Klasseni internettikkut ingerlanneqartuni ilinniartitsisoqartarpoq ilinniutillu internettikkut pissarsiassaasassallutik. Ilinniarnertuunngorniarnermi nammineq computereqartariaqarpoq assiliivittalimmik internettimullu attaveqarluni.  \n\nMisilitsinnerit soraarummeernerillu aammattaaq internettikkut ingerlanneqartarput. \nUllut tamaasa ilinniartitsisut ilinniartoqatillu attaveqatigiittarput. \n\nIlinniarnertuunngorniarneq tapiissuteqarfigineqartarpoq tassanilu piumasaqaataavoq ilivitsumik ilinniarnertuunngorniartuunissaq ilaajuarnissarlu tapiissummik tigusisuussagaanni. \nTamanna isumaqarpoq ilinniartitsisoqartillugu ilaajuarnissaq tunniussassanillu tunniussisarnissaq.<\/p>\n<p><strong>Fagit assigiinngitsut uani takuneqarsinnaapput:<\/strong><\/p>\n\n\t\t<\/div>\n\t<\/div>\n\n\t<div class=\"wpb_raw_code wpb_raw_html wpb_content_element\" >\n\t\t<div class=\"wpb_wrapper\">\n\t\t\t<table class=\"table table-bordered\" style=\"max-width: 560px;\">      <thead style=\"background: #00155F;color: #fff;\">\n    <tr>\n      <th scope=\"col\"><\/th>\n      <th scope=\"col\">1.\u00e5r<\/th>\n      <th scope=\"col\">2.\u00e5r<\/th>\n      <th scope=\"col\">3.\u00e5r<\/th>\n    <\/tr>\n  <\/thead>\n  <tbody>\n    <tr>\n      <td>Gr\u00f8nlandsk A<\/td>\n      <td class=\"green-bg\"> <\/td>\n      <td class=\"green-bg\"> <\/td>\n      <td class=\"green-bg\"> <\/td>\n    <\/tr>\n    <tr>\n      <td>Dansk intro<\/td>\n      <td class=\"green-bg\"> <\/td>\n      <td> <\/td>\n      <td> <\/td>\n    <\/tr>\n    <tr>\n      <td>Dansk A<\/td>\n      <td> <\/td>\n      <td class=\"green-bg\"> <\/td>\n      <td class=\"green-bg\"> <\/td>\n    <\/tr>\n    <tr>\n      <td>Engelsk intro<\/td>\n      <td class=\"green-bg\"> <\/td>\n      <td> <\/td><td> <\/td>\n    <\/tr>\n    <tr>\n      <td>Engelsk C<\/td>\n      <td> <\/td>\n      <td class=\"green-bg\"> <\/td><td> <\/td>\n    <\/tr>\n<tr>\n      <td>Matematik Intro<\/td>\n      <td class=\"green-bg\"> <\/td>\n      <td> <\/td><td> <\/td>\n    <\/tr>\n<tr>\n      <td>Matematik C<\/td>\n      <td> <\/td>\n      <td class=\"green-bg\"> <\/td>\n      <td> <\/td>\n    <\/tr>\n<tr>\n      <td>Biologi C<\/td>\n      <td> <\/td>\n      <td class=\"green-bg\"> <\/td>\n      <td> <\/td>\n    <\/tr>\n<tr>\n      <td>Samfundsfag C<\/td>\n      <td> <\/td> <td> <\/td> <td class=\"green-bg\"> <\/td>\n      <td> <\/td>\n    <\/tr>\n<tr>\n      <td>Historie B<\/td>\n      <td> <\/td> <td  class=\"green-bg\"> <\/td> <td class=\"green-bg\"> <\/td>\n      <td> <\/td>\n    <\/tr>\n<tr>\n      <td>Studieprojekt<\/td>\n      <td> <\/td><td> <\/td><td class=\"green-bg\"> <\/td>\n      \n    <\/tr>\n<tr>\n      <td>Idr\u00e6t f\u00e6llesfag<\/td>\n      <td class=\"green-bg\"> <\/td>\n      <td> <\/td><td> <\/td>\n    <\/tr>\n<tr>\n<tr>\n      <td>Kulturfag C<\/td>\n      <td class=\"green-bg\"> <\/td>\n      <td> <\/td><td> <\/td>\n    <\/tr>\n<tr>\n      <td>Studiemetodik<\/td>\n      \n      <td class=\"green-bg\"> <\/td><td class=\"green-bg\"> <\/td><td class=\"green-bg\"> <\/td>\n    <\/tr>\n<tr>\n      <td>Religion C<\/td>\n      <td> <\/td><td> <\/td>\n      <td class=\"green-bg\"> <\/td>\n    <\/tr>\n<tr>\n      <td>2 Valgfag: <br>\n      Matematik B\/engelsk B\/kulturfag B\/psykologi C\/mediefag C<\/td>\n      <td> <\/td>\n      <td class=\"green-bg\"> <\/td>\n      <td class=\"green-bg\"> <\/td>\n    <\/tr>\n\n  <\/tbody>\n\n  <\/table>\n\t\t<\/div>\n\t<\/div>\n<\/div><\/div><\/div><\/div><div class=\"vc_row wpb_row vc_row-fluid\"><div class=\"wpb_column vc_column_container vc_col-sm-12\"><div class=\"vc_column-inner\"><div class=\"wpb_wrapper\">\n\t<div class=\"wpb_text_column wpb_content_element\" >\n\t\t<div class=\"wpb_wrapper\">\n\t\t\t<p><strong>Videreg\u00e5ende uddannelser:<\/strong><\/p>\n\n\t\t<\/div>\n\t<\/div>\n\n\t<div class=\"wpb_text_column wpb_content_element\" >\n\t\t<div class=\"wpb_wrapper\">\n\t\t\t<table class=\"table table-bordered\" style=\"max-width: 760px;\">\n<thead>\n<tr>\n<th scope=\"col\">M\u00e5lrettet f\u00f8lgende uddannelser<\/th>\n<th scope=\"col\">Giver ogs\u00e5 adgang til f\u00f8lgende uddannelser<\/th>\n<\/tr>\n<\/thead>\n<tbody>\n<tr>\n<td>L\u00e6rer<br \/>\nJournalist<br \/>\nSocialr\u00e5dgiver<br \/>\nSocialp\u00e6dagog<br \/>\nKultur- og samfundshistorie<br \/>\nOvers\u00e6ttelse og tolkning<br \/>\nSprog, litteratur og medier<br \/>\nTeologi<\/td>\n<td>Erhvervs\u00f8konomi<br \/>\nSamfundsvidenskab<br \/>\nJura<br \/>\nAkademiuddannelserne ved NI-Nuuk<\/td>\n<\/tr>\n<\/tbody>\n<\/table>\n\n\t\t<\/div>\n\t<\/div>\n<\/div><\/div><\/div><\/div>\n<\/div>","protected":false},"excerpt":{"rendered":"Denne tre\u00e5rige uddannelse er en","protected":false},"author":1,"featured_media":0,"parent":445,"menu_order":0,"comment_status":"closed","ping_status":"closed","template":"tpl-courses.php","meta":{"_acf_changed":false,"inline_featured_image":false,"_monsterinsights_skip_tracking":false,"_monsterinsights_sitenote_active":false,"_monsterinsights_sitenote_note":"","_monsterinsights_sitenote_category":0,"footnotes":""},"class_list":["post-2251","page","type-page","status-publish","hentry"],"acf":[],"_links":{"self":[{"href":"https:\/\/egux.gl\/gl\/wp-json\/wp\/v2\/pages\/2251","targetHints":{"allow":["GET"]}}],"collection":[{"href":"https:\/\/egux.gl\/gl\/wp-json\/wp\/v2\/pages"}],"about":[{"href":"https:\/\/egux.gl\/gl\/wp-json\/wp\/v2\/types\/page"}],"author":[{"embeddable":true,"href":"https:\/\/egux.gl\/gl\/wp-json\/wp\/v2\/users\/1"}],"replies":[{"embeddable":true,"href":"https:\/\/egux.gl\/gl\/wp-json\/wp\/v2\/comments?post=2251"}],"version-history":[{"count":19,"href":"https:\/\/egux.gl\/gl\/wp-json\/wp\/v2\/pages\/2251\/revisions"}],"predecessor-version":[{"id":16763,"href":"https:\/\/egux.gl\/gl\/wp-json\/wp\/v2\/pages\/2251\/revisions\/16763"}],"up":[{"embeddable":true,"href":"https:\/\/egux.gl\/gl\/wp-json\/wp\/v2\/pages\/445"}],"wp:attachment":[{"href":"https:\/\/egux.gl\/gl\/wp-json\/wp\/v2\/media?parent=2251"}],"curies":[{"name":"wp","href":"https:\/\/api.w.org\/{rel}","templated":true}]}}