{"id":445,"date":"2018-12-18T10:43:01","date_gmt":"2018-12-18T09:43:01","guid":{"rendered":""},"modified":"2022-10-19T12:26:14","modified_gmt":"2022-10-19T10:26:14","slug":"egux-uddannelser","status":"publish","type":"page","link":"https:\/\/egux.gl\/gl\/egux-uddannelser\/","title":{"rendered":"Ilinniagaqarneq eGUX"},"content":{"rendered":"<div class=\"wpb-content-wrapper\"><section id=\"courses-list\" class=\"vc_section\"><div class=\"vc_row wpb_row vc_row-fluid vc_column-gap-25 vc_row-o-equal-height vc_row-flex\"><div class=\"wpb_column vc_column_container vc_col-sm-4 vc_col-has-fill\"><div class=\"vc_column-inner vc_custom_1666174756591\"><div class=\"wpb_wrapper\">\n\t<div class=\"wpb_text_column wpb_content_element green-transparent\" >\n\t\t<div class=\"wpb_wrapper\">\n\t\t\t<p><a href=\"https:\/\/egux.gl\/egux-uddannelser\/e2-aarig-kultur\/\"><img loading=\"lazy\" decoding=\"async\" class=\"alignnone size-full wp-image-2239\" src=\"https:\/\/egux.gl\/wp-content\/uploads\/2022\/10\/arrow-right-circle.svg\" alt=\"\" width=\"16\" height=\"16\" \/><br \/>\nKultoori e2 \u2013 ukiuni marlunni ingerlataq<\/a><\/p>\n\n\t\t<\/div>\n\t<\/div>\n<\/div><\/div><\/div><div class=\"wpb_column vc_column_container vc_col-sm-4 vc_col-has-fill\"><div class=\"vc_column-inner vc_custom_1666174767794\"><div class=\"wpb_wrapper\">\n\t<div class=\"wpb_text_column wpb_content_element green-transparent\" >\n\t\t<div class=\"wpb_wrapper\">\n\t\t\t<p><a href=\"https:\/\/egux.gl\/egux-uddannelser\/e2-aarig-science\/\"><img loading=\"lazy\" decoding=\"async\" class=\"alignnone size-full wp-image-2239\" src=\"https:\/\/egux.gl\/wp-content\/uploads\/2022\/10\/arrow-right-circle.svg\" alt=\"\" width=\"16\" height=\"16\" \/><br \/>\nSciense e2 \u2013 ukiuni marlunni<\/a><\/p>\n\n\t\t<\/div>\n\t<\/div>\n<\/div><\/div><\/div><div class=\"wpb_column vc_column_container vc_col-sm-4 vc_col-has-fill\"><div class=\"vc_column-inner vc_custom_1666174777479\"><div class=\"wpb_wrapper\">\n\t<div class=\"wpb_text_column wpb_content_element green-transparent\" >\n\t\t<div class=\"wpb_wrapper\">\n\t\t\t<p><a href=\"https:\/\/egux.gl\/egux-uddannelser\/e3-aarig-kultur\/\"><img loading=\"lazy\" decoding=\"async\" class=\"alignnone size-full wp-image-2239\" src=\"https:\/\/egux.gl\/wp-content\/uploads\/2022\/10\/arrow-right-circle.svg\" alt=\"\" width=\"16\" height=\"16\" \/><br \/>\nKultur e3 ukiuni pingasuni ingerlataq<\/a><\/p>\n\n\t\t<\/div>\n\t<\/div>\n<\/div><\/div><\/div><\/div><div class=\"vc_row wpb_row vc_row-fluid vc_column-gap-25 vc_row-o-equal-height vc_row-flex\"><div class=\"wpb_column vc_column_container vc_col-sm-4 vc_col-has-fill\"><div class=\"vc_column-inner vc_custom_1666174804969\"><div class=\"wpb_wrapper\">\n\t<div class=\"wpb_text_column wpb_content_element green-transparent\" >\n\t\t<div class=\"wpb_wrapper\">\n\t\t\t<p><a href=\"https:\/\/egux.gl\/egux-uddannelser\/e3-aarig-science\/\"><img loading=\"lazy\" decoding=\"async\" class=\"alignnone size-full wp-image-2239\" src=\"https:\/\/egux.gl\/wp-content\/uploads\/2022\/10\/arrow-right-circle.svg\" alt=\"\" width=\"16\" height=\"16\" \/><br \/>\nScience e3 ukiuni pingasuni ingerlasussaq<\/a><\/p>\n\n\t\t<\/div>\n\t<\/div>\n<\/div><\/div><\/div><div class=\"wpb_column vc_column_container vc_col-sm-4 vc_col-has-fill\"><div class=\"vc_column-inner vc_custom_1666174817923\"><div class=\"wpb_wrapper\">\n\t<div class=\"wpb_text_column wpb_content_element green-transparent\" >\n\t\t<div class=\"wpb_wrapper\">\n\t\t\t<p><a href=\"https:\/\/egux.gl\/egux-uddannelser\/suppleringsfag-egsk\/\"><img loading=\"lazy\" decoding=\"async\" class=\"alignnone size-full wp-image-2239\" src=\"https:\/\/egux.gl\/wp-content\/uploads\/2022\/10\/arrow-right-circle.svg\" alt=\"\" width=\"16\" height=\"16\" \/><br \/>\neGSK qaffassarneq<br \/>\n<\/a><\/p>\n\n\t\t<\/div>\n\t<\/div>\n<\/div><\/div><\/div><div class=\"wpb_column vc_column_container vc_col-sm-4 vc_col-has-fill\"><div class=\"vc_column-inner vc_custom_1666175172055\"><div class=\"wpb_wrapper\">\n\t<div class=\"wpb_text_column wpb_content_element green-transparent\" >\n\t\t<div class=\"wpb_wrapper\">\n\t\t\t<p><a href=\"https:\/\/egux.gl\/egux-uddannelser\/enkeltfag-egenk\/\"><img loading=\"lazy\" decoding=\"async\" class=\"alignnone size-full wp-image-2239\" src=\"https:\/\/egux.gl\/wp-content\/uploads\/2022\/10\/arrow-right-circle.svg\" alt=\"\" width=\"16\" height=\"16\" \/><br \/>\nFagit ataasiakkaat eGENK<\/a><\/p>\n\n\t\t<\/div>\n\t<\/div>\n<\/div><\/div><\/div><\/div><\/section>\n<\/div>","protected":false},"excerpt":{"rendered":"e2-\u00e5rig Kultur e2-\u00e5rig Science e3-\u00e5rig","protected":false},"author":1,"featured_media":0,"parent":0,"menu_order":0,"comment_status":"open","ping_status":"open","template":"tpl-courses.php","meta":{"_acf_changed":false,"inline_featured_image":false,"_monsterinsights_skip_tracking":false,"_monsterinsights_sitenote_active":false,"_monsterinsights_sitenote_note":"","_monsterinsights_sitenote_category":0,"footnotes":""},"class_list":["post-445","page","type-page","status-publish","hentry"],"acf":[],"_links":{"self":[{"href":"https:\/\/egux.gl\/gl\/wp-json\/wp\/v2\/pages\/445","targetHints":{"allow":["GET"]}}],"collection":[{"href":"https:\/\/egux.gl\/gl\/wp-json\/wp\/v2\/pages"}],"about":[{"href":"https:\/\/egux.gl\/gl\/wp-json\/wp\/v2\/types\/page"}],"author":[{"embeddable":true,"href":"https:\/\/egux.gl\/gl\/wp-json\/wp\/v2\/users\/1"}],"replies":[{"embeddable":true,"href":"https:\/\/egux.gl\/gl\/wp-json\/wp\/v2\/comments?post=445"}],"version-history":[{"count":13,"href":"https:\/\/egux.gl\/gl\/wp-json\/wp\/v2\/pages\/445\/revisions"}],"predecessor-version":[{"id":2543,"href":"https:\/\/egux.gl\/gl\/wp-json\/wp\/v2\/pages\/445\/revisions\/2543"}],"wp:attachment":[{"href":"https:\/\/egux.gl\/gl\/wp-json\/wp\/v2\/media?parent=445"}],"curies":[{"name":"wp","href":"https:\/\/api.w.org\/{rel}","templated":true}]}}